{"id":5896,"date":"2018-04-11T11:07:49","date_gmt":"2018-04-11T09:07:49","guid":{"rendered":"http:\/\/gorropu.info\/chintula-servizi-turistici\/"},"modified":"2019-07-13T19:06:21","modified_gmt":"2019-07-13T17:06:21","slug":"chintula-tourist-services","status":"publish","type":"page","link":"https:\/\/gorropu.info\/en\/chintula-tourist-services\/","title":{"rendered":"Chintula Tourist Services"},"content":{"rendered":"","protected":false},"excerpt":{"rendered":"","protected":false},"author":2,"featured_media":0,"parent":0,"menu_order":0,"comment_status":"closed","ping_status":"closed","template":"","meta":[],"yoast_head":"<!-- This site is optimized with the Yoast SEO plugin v15.6.2 - https:\/\/yoast.com\/wordpress\/plugins\/seo\/ -->\n<title>Chintula Tourist Services | Gorropu - Sito Ufficiale<\/title>\n<meta name=\"description\" content=\"Ch\u00ecntula concessionaria per la tutela e la valorizzazione del sito di Gorropu. La societ\u00e0 \u00e8 specializzata in servizi turistici a Gorropu e nel Supramonte.\" \/>\n<meta name=\"robots\" content=\"index, follow, max-snippet:-1, max-image-preview:large, max-video-preview:-1\" \/>\n<link rel=\"canonical\" href=\"https:\/\/gorropu.info\/en\/chintula-tourist-services\/\" \/>\n<meta property=\"og:locale\" content=\"en_US\" \/>\n<meta property=\"og:type\" content=\"article\" \/>\n<meta property=\"og:title\" content=\"Chintula Tourist Services | Gorropu - Sito Ufficiale\" \/>\n<meta property=\"og:description\" content=\"Ch\u00ecntula concessionaria per la tutela e la valorizzazione del sito di Gorropu. La societ\u00e0 \u00e8 specializzata in servizi turistici a Gorropu e nel Supramonte.\" \/>\n<meta property=\"og:url\" content=\"https:\/\/gorropu.info\/en\/chintula-tourist-services\/\" \/>\n<meta property=\"og:site_name\" content=\"Gorropu - Sito Ufficiale\" \/>\n<meta property=\"article:modified_time\" content=\"2019-07-13T17:06:21+00:00\" \/>\n<meta name=\"twitter:card\" content=\"summary_large_image\" \/>\n<script type=\"application\/ld+json\" class=\"yoast-schema-graph\">{\"@context\":\"https:\/\/schema.org\",\"@graph\":[{\"@type\":\"Organization\",\"@id\":\"https:\/\/gorropu.info\/#organization\",\"name\":\"Gorropu - Sito Ufficiale\",\"url\":\"https:\/\/gorropu.info\/\",\"sameAs\":[],\"logo\":{\"@type\":\"ImageObject\",\"@id\":\"https:\/\/gorropu.info\/#logo\",\"inLanguage\":\"en-US\",\"url\":\"https:\/\/gorropu.info\/wp-content\/uploads\/2018\/04\/Gorroppu-logo-modificato-sito-web-1.png\",\"width\":500,\"height\":166,\"caption\":\"Gorropu - Sito Ufficiale\"},\"image\":{\"@id\":\"https:\/\/gorropu.info\/#logo\"}},{\"@type\":\"WebSite\",\"@id\":\"https:\/\/gorropu.info\/#website\",\"url\":\"https:\/\/gorropu.info\/\",\"name\":\"Gorropu - Sito Ufficiale\",\"description\":\"Gorropu il canyon pi\\u00f9 spettacolare d&#039;Europa\",\"publisher\":{\"@id\":\"https:\/\/gorropu.info\/#organization\"},\"potentialAction\":[{\"@type\":\"SearchAction\",\"target\":\"https:\/\/gorropu.info\/?s={search_term_string}\",\"query-input\":\"required name=search_term_string\"}],\"inLanguage\":\"en-US\"},{\"@type\":\"WebPage\",\"@id\":\"https:\/\/gorropu.info\/en\/chintula-tourist-services\/#webpage\",\"url\":\"https:\/\/gorropu.info\/en\/chintula-tourist-services\/\",\"name\":\"Chintula Tourist Services | Gorropu - Sito Ufficiale\",\"isPartOf\":{\"@id\":\"https:\/\/gorropu.info\/#website\"},\"datePublished\":\"2018-04-11T09:07:49+00:00\",\"dateModified\":\"2019-07-13T17:06:21+00:00\",\"description\":\"Ch\\u00ecntula concessionaria per la tutela e la valorizzazione del sito di Gorropu. La societ\\u00e0 \\u00e8 specializzata in servizi turistici a Gorropu e nel Supramonte.\",\"inLanguage\":\"en-US\",\"potentialAction\":[{\"@type\":\"ReadAction\",\"target\":[\"https:\/\/gorropu.info\/en\/chintula-tourist-services\/\"]}]}]}<\/script>\n<!-- \/ Yoast SEO plugin. -->","_links":{"self":[{"href":"https:\/\/gorropu.info\/en\/wp-json\/wp\/v2\/pages\/5896"}],"collection":[{"href":"https:\/\/gorropu.info\/en\/wp-json\/wp\/v2\/pages"}],"about":[{"href":"https:\/\/gorropu.info\/en\/wp-json\/wp\/v2\/types\/page"}],"author":[{"embeddable":true,"href":"https:\/\/gorropu.info\/en\/wp-json\/wp\/v2\/users\/2"}],"replies":[{"embeddable":true,"href":"https:\/\/gorropu.info\/en\/wp-json\/wp\/v2\/comments?post=5896"}],"version-history":[{"count":5,"href":"https:\/\/gorropu.info\/en\/wp-json\/wp\/v2\/pages\/5896\/revisions"}],"predecessor-version":[{"id":6573,"href":"https:\/\/gorropu.info\/en\/wp-json\/wp\/v2\/pages\/5896\/revisions\/6573"}],"wp:attachment":[{"href":"https:\/\/gorropu.info\/en\/wp-json\/wp\/v2\/media?parent=5896"}],"curies":[{"name":"wp","href":"https:\/\/api.w.org\/{rel}","templated":true}]}}